{"id":2,"date":"2018-10-11T07:00:33","date_gmt":"2018-10-11T05:00:33","guid":{"rendered":"http:\/\/dev.start-new-project-nl.abovowebsites.nl\/?page_id=2"},"modified":"2022-09-05T15:44:08","modified_gmt":"2022-09-05T13:44:08","slug":"un-sejour-relaxant-en-famille-ou-entre-amis","status":"publish","type":"page","link":"https:\/\/www.domainelerelais.fr\/fr\/","title":{"rendered":"Un s\u00e9jour relaxant, en famille ou entre amis!"},"content":{"rendered":"\n<style type=\"text\/css\" data-created_by=\"avia_inline_auto\" id=\"style-css-av-kvl47cuy-c452f08096875c358f6076f4548f0f71\">\n.avia-section.av-kvl47cuy-c452f08096875c358f6076f4548f0f71 .av-parallax .av-parallax-inner{\nbackground-repeat:no-repeat;\nbackground-image:url(https:\/\/www.domainelerelais.fr\/fr\/wp-content\/uploads\/sites\/2\/2021\/11\/img-2749-1500x630.jpeg);\nbackground-position:50% 50%;\nbackground-attachment:scroll;\n}\n.avia-section.av-kvl47cuy-c452f08096875c358f6076f4548f0f71 .av-section-color-overlay{\nopacity:0.4;\nbackground-color:#1c1c1c;\n}\n<\/style>\n<div id='av_section_1'  class='avia-section av-kvl47cuy-c452f08096875c358f6076f4548f0f71 main_color avia-section-huge avia-no-border-styling  avia-builder-el-0  el_before_av_section  avia-builder-el-first  avia-full-stretch av-parallax-section avia-bg-style-parallax av-section-color-overlay-active av-minimum-height av-minimum-height-50  container_wrap fullsize'  data-section-bg-repeat='stretch' data-av_minimum_height_pc='50'><div class='av-parallax' data-avia-parallax-ratio='0.3' ><div class='av-parallax-inner main_color avia-full-stretch'><\/div><\/div><div class=\"av-section-color-overlay-wrap\"><div class=\"av-section-color-overlay\"><\/div><a href='#next-section' title='' class='scroll-down-link ' aria-hidden='true' data-av_icon='\ue877' data-av_iconfont='entypo-fontello'><\/a><div class='container av-section-cont-open' ><main  role=\"main\" itemprop=\"mainContentOfPage\"  class='template-page content  av-content-full alpha units'><div class='post-entry post-entry-type-page post-entry-2'><div class='entry-content-wrapper clearfix'>\n<div class='flex_column av-kvm1xnjq-3d3b594cd477714e9cf7cb175e5305b9 av_four_fifth  avia-builder-el-1  avia-builder-el-no-sibling  first flex_column_div av-animated-generic bottom-to-top '     ><style type=\"text\/css\" data-created_by=\"avia_inline_auto\" id=\"style-css-av-38ss-bd315f7af694f67484ef594cb51129c6\">\n#top .av-special-heading.av-38ss-bd315f7af694f67484ef594cb51129c6{\npadding-bottom:10px;\ncolor:#ffffff;\n}\nbody .av-special-heading.av-38ss-bd315f7af694f67484ef594cb51129c6 .av-special-heading-tag .heading-char{\nfont-size:25px;\n}\n.av-special-heading.av-38ss-bd315f7af694f67484ef594cb51129c6 .special-heading-inner-border{\nborder-color:#ffffff;\n}\n.av-special-heading.av-38ss-bd315f7af694f67484ef594cb51129c6 .av-subheading{\nfont-size:15px;\n}\n<\/style>\n<div  class='av-special-heading av-38ss-bd315f7af694f67484ef594cb51129c6 av-special-heading-h1 custom-color-heading blockquote modern-quote  avia-builder-el-2  avia-builder-el-no-sibling  display-4'><h1 class='av-special-heading-tag'  itemprop=\"headline\"  >Domaine Le Relais c\u2019est L\u2019 endroit id\u00e9al pour passer un s\u00e9jour relaxant, en famille ou entre amis!<\/h1><div class=\"special-heading-border\"><div class=\"special-heading-inner-border\"><\/div><\/div><\/div><\/div>\n\n<\/div><\/div><\/main><!-- close content main element --><\/div><\/div><\/div><div id='av_section_2'  class='avia-section av-kvqd9a2z-fa070580c68165b86c427ffed2d23bbf footer_color avia-section-small avia-no-border-styling  avia-builder-el-3  el_after_av_section  el_before_av_section  avia-bg-style-parallax container_wrap fullsize'  ><div class='container av-section-cont-open' ><div class='template-page content  av-content-full alpha units'><div class='post-entry post-entry-type-page post-entry-2'><div class='entry-content-wrapper clearfix'>\n<div class='flex_column_table av-kvqdv57e-22959726a888cd9476b3748853c34886 sc-av_one_half av-mobile-columns-flex av-columns-reverse av-equal-height-column-flextable'>\n<style type=\"text\/css\" data-created_by=\"avia_inline_auto\" id=\"style-css-av-kvqdv57e-22959726a888cd9476b3748853c34886\">\n#top .flex_column_table.av-equal-height-column-flextable.av-kvqdv57e-22959726a888cd9476b3748853c34886{\nmargin-top:0px;\nmargin-bottom:-10px;\n}\n<\/style>\n<div class='flex_column av-kvqdv57e-22959726a888cd9476b3748853c34886 av_one_half  avia-builder-el-4  avia-builder-el-no-sibling  first flex_column_table_cell av-equal-height-column av-align-bottom av-animated-generic left-to-right '     ><article  class='iconbox iconbox_left av-kvqnsezo-c011b5ea20b8748b65b11ed27cb775ad  avia-builder-el-5  avia-builder-el-no-sibling '  itemscope=\"itemscope\" itemtype=\"https:\/\/schema.org\/CreativeWork\" ><div class=\"iconbox_content\"><header class=\"entry-content-header\"><div class=\"iconbox_icon heading-color\" aria-hidden='true' data-av_icon='\ue883' data-av_iconfont='entypo-fontello'><\/div><h3 class='iconbox_content_title '  itemprop=\"headline\" >R\u00e9servez vos vacances ici<\/h3><\/header><div class='iconbox_content_container '  itemprop=\"text\" ><\/div><\/div><footer class=\"entry-footer\"><\/footer><\/article><\/div><\/div><!--close column table wrapper. Autoclose: 1 --><\/div><\/div><\/div><!-- close content main div --><\/div><\/div>\n<style type=\"text\/css\" data-created_by=\"avia_inline_auto\" id=\"style-css-av-61d2-48652ff0fb471ff35e874e551fb9fc60\">\n.avia-section.av-61d2-48652ff0fb471ff35e874e551fb9fc60{\nposition:relative;\n}\n.avia-section.av-61d2-48652ff0fb471ff35e874e551fb9fc60 .avia-divider-svg-top svg{\nheight:50px;\nwidth:calc(100% + 1.3px);\nfill:#1c3b1d;\n}\n<\/style>\n<div id='av_section_3'  class='avia-section av-61d2-48652ff0fb471ff35e874e551fb9fc60 main_color avia-section-default avia-no-border-styling  avia-builder-el-6  el_after_av_section  el_before_av_postcontent  avia-bg-style-scroll container_wrap fullsize'  ><div class='avia-divider-svg avia-divider-svg-split avia-divider-svg-top avia-svg-original'><svg xmlns=\"http:\/\/www.w3.org\/2000\/svg\" viewBox=\"0 0 1000 20\" preserveAspectRatio=\"none\">\n\t<path d=\"M0,0v3c0,0,393.8,0,483.4,0c9.2,0,16.6,7.4,16.6,16.6c0-9.1,7.4-16.6,16.6-16.6C606.2,3,1000,3,1000,3V0H0z\"\/>\n<\/svg><\/div><div class='container av-section-cont-open' ><div class='template-page content  av-content-full alpha units'><div class='post-entry post-entry-type-page post-entry-2'><div class='entry-content-wrapper clearfix'>\n\n<style type=\"text\/css\" data-created_by=\"avia_inline_auto\" id=\"style-css-av-kvqpd1si-ff2924e5d8d66cb729d1d35ec96f0049\">\n#top .hr.hr-invisible.av-kvqpd1si-ff2924e5d8d66cb729d1d35ec96f0049{\nheight:20px;\n}\n<\/style>\n<div  class='hr av-kvqpd1si-ff2924e5d8d66cb729d1d35ec96f0049 hr-invisible  avia-builder-el-7  el_before_av_textblock  avia-builder-el-first '><span class='hr-inner '><span class=\"hr-inner-style\"><\/span><\/span><\/div>\n<section  class='av_textblock_section av-l0guo56i-e28b8c118e4f554b0c18bd14af9a39b1'  itemscope=\"itemscope\" itemtype=\"https:\/\/schema.org\/CreativeWork\" ><div class='avia_textblock'  itemprop=\"text\" ><div class=\"mphb_sc_booking_form-wrapper form-inline\">\t<form method=\"POST\" action=\"https:\/\/www.domainelerelais.fr\/fr\/reservation\/\" class=\"mphb-booking-form\" id=\"booking-form-116\">\r\n\t\t<p class=\"mphb-required-fields-tip\"><small>Les champs obligatoires sont suivis de <abbr title=\"required\">*<\/abbr><\/small><\/p>\r\n\t\t<input type=\"hidden\" id=\"mphb-checkout-nonce\" name=\"mphb-checkout-nonce\" value=\"fea53b07aa\" \/><input type=\"hidden\" name=\"_wp_http_referer\" value=\"\/fr\/wp-json\/wp\/v2\/pages\/2\" \/>\t\t\t\t<input type=\"hidden\" name=\"mphb_room_type_id\" value=\"116\" \/>\r\n\t\t<p class=\"mphb-check-in-date-wrapper\">\r\n\t\t\t<label for=\"mphb_check_in_date-69f9a2deb2180\">\r\n\t\t\t\tDate d&#039;arriv\u00e9e\t\t\t\t<abbr title=\"Format\u00e9 comme dd\/mm\/yyyy\">*<\/abbr>\r\n\t\t\t<\/label>\r\n\t\t\t<br \/>\r\n\t\t\t<input id=\"mphb_check_in_date-69f9a2deb2180\" type=\"text\" class=\"mphb-datepick\" value=\"\" required=\"required\" autocomplete=\"off\" placeholder=\"Date d&#039;arriv\u00e9e\" inputmode=\"none\" \/>\r\n\t\t\t<input id=\"mphb_check_in_date-69f9a2deb2180-hidden\" type=\"hidden\" name=\"mphb_check_in_date\" value=\"\" \/>\r\n\t\t<\/p>\r\n\t\t<p class=\"mphb-check-out-date-wrapper\">\r\n\t\t\t<label for=\"mphb_check_out_date-69f9a2deb2180\">\r\n\t\t\t\tDate de d\u00e9part\t\t\t\t<abbr title=\"Format\u00e9 comme dd\/mm\/yyyy\">*<\/abbr>\r\n\t\t\t<\/label>\r\n\t\t\t<br \/>\r\n\t\t\t<input id=\"mphb_check_out_date-69f9a2deb2180\" type=\"text\" class=\"mphb-datepick\" value=\"\" required=\"required\" autocomplete=\"off\" placeholder=\"Date de d\u00e9part\" inputmode=\"none\" \/>\r\n\t\t\t<input id=\"mphb_check_out_date-69f9a2deb2180-hidden\" type=\"hidden\" name=\"mphb_check_out_date\" value=\"\" \/>\r\n\t\t<\/p>\r\n\t\t\t\t<p class=\"mphb-reserve-btn-wrapper\">\r\n\t\t\t<input class=\"mphb-reserve-btn button\" disabled=\"disabled\" type=\"submit\" value=\"V\u00e9rifier la disponibilit\u00e9\" \/>\r\n\t\t\t<span class=\"mphb-preloader mphb-hide\"><\/span>\r\n\t\t<\/p>\r\n\t\t<div class=\"mphb-errors-wrapper mphb-hide\"><\/div>\r\n\t\t\t\t\t<div class=\"mphb-reserve-room-section mphb-hide\">\r\n\t\t\t\t<p class=\"mphb-rooms-quantity-wrapper mphb-rooms-quantity-multiple mphb-hide\">R\u00e9serve <select class=\"mphb-rooms-quantity\" id=\"mphb-rooms-quantity-116\" name=\"mphb_rooms_details[116]\"><option value=\"1\" selected=\"selected\">1<\/option><\/select> de <span class=\"mphb-available-rooms-count\">1<\/span> de logements disponibles.<\/p>\r\n\t\t\t\t<p class=\"mphb-rooms-quantity-wrapper mphb-rooms-quantity-single mphb-hide\">\r\n\t\t\t\t\tDomaine Le Relais est disponible pour les dates s\u00e9lectionn\u00e9es.\t\t\t\t<\/p>\r\n                \t\t\t\t<input type=\"hidden\" name=\"mphb_is_direct_booking\" value=\"1\" \/>\r\n\t\t\t\t<input class=\"button mphb-button mphb-confirm-reservation\" type=\"submit\" value=\"Confirmer la r\u00e9servation\" \/>\r\n\t\t\t<\/div>\r\n\t\t\t<\/form>\r\n\t<\/div>\n<\/div><\/section>\n<\/p>\n[av_section min_height='50' min_height_pc='25' min_height_px='500px' shadow='no-border-styling' bottom_border='no-border-styling' bottom_border_diagonal_color='#ffffff' bottom_border_diagonal_direction='' bottom_border_style='' padding='default' custom_margin='0px' custom_margin_sync='true' av-desktop-custom_margin='' av-desktop-custom_margin_sync='true' av-medium-custom_margin='' av-medium-custom_margin_sync='true' av-small-custom_margin='' av-small-custom_margin_sync='true' av-mini-custom_margin='' av-mini-custom_margin_sync='true' svg_div_top='' svg_div_top_color='#333333' svg_div_top_width='100' svg_div_top_height='50' svg_div_top_max_height='none' svg_div_top_opacity='' svg_div_bottom='' svg_div_bottom_color='#333333' svg_div_bottom_width='100' svg_div_bottom_height='50' svg_div_bottom_max_height='none' svg_div_bottom_opacity='' color='footer_color' background='bg_color' custom_bg='' background_gradient_direction='vertical' background_gradient_color1='#000000' background_gradient_color2='#ffffff' background_gradient_color3='' src='https:\/\/www.domainelerelais.fr\/fr\/wp-content\/uploads\/sites\/2\/2021\/11\/img-2743-1-1500x430.jpeg' attachment='1955' attachment_size='featured' attach='scroll' position='center center' repeat='stretch' video='https:\/\/youtu.be\/Vvmo2l81xQs?t=4' video_ratio='16:9' video_mobile_disabled='aviaTBvideo_mobile_disabled' overlay_enable='aviaTBoverlay_enable' overlay_opacity='0.5' overlay_color='#303030' overlay_pattern='' overlay_custom_pattern='' custom_arrow_bg='' css_position_z_index='' av-desktop-css_position_z_index='' av-medium-css_position_z_index='' av-small-css_position_z_index='' av-mini-css_position_z_index='' id='' custom_class='' template_class='' aria_label='' av_element_hidden_in_editor='0' av_uid='av-5ujzua' sc_version='1.0']\r\n[av_one_full first min_height='av-equal-height-column' vertical_alignment='av-align-middle' space='' row_boxshadow_color='' row_boxshadow_width='10' margin='0px' margin_sync='true' mobile_breaking='' mobile_column_order='' min_col_height='' padding='' padding_sync='true' svg_div_top='' svg_div_top_color='#333333' svg_div_top_width='100' svg_div_top_height='50' svg_div_top_max_height='none' svg_div_top_opacity='' svg_div_bottom='' svg_div_bottom_color='#333333' svg_div_bottom_width='100' svg_div_bottom_height='50' svg_div_bottom_max_height='none' svg_div_bottom_opacity='' border='' border_style='solid' border_color='' radius='' radius_sync='true' column_boxshadow_color='' column_boxshadow_width='10' background='bg_color' background_color='' background_gradient_direction='vertical' background_gradient_color1='#000000' background_gradient_color2='#ffffff' background_gradient_color3='' src='' attachment='' attachment_size='' background_position='top left' background_repeat='no-repeat' highlight_size='1.1' animation='left-to-right' link='page,1806' linktarget='' link_hover='' title_attr='' alt_attr='' mobile_display='' mobile_col_pos='0' id='' custom_class='' template_class='' aria_label='' av_uid='av-3jn64y' sc_version='1.0']\r\n\r\n[av_heading heading='La maison fait 300 m\u00b2 et peut accueillir jusqu\u2019\u00e0 20 personnes' tag='h3' style='blockquote modern-quote modern-centered' subheading_active='' show_icon='' icon='ue800' font='entypo-fontello' size='' av-medium-font-size-title='' av-small-font-size-title='' av-mini-font-size-title='' subheading_size='' av-medium-font-size='' av-small-font-size='' av-mini-font-size='' icon_size='' av-medium-font-size-1='' av-small-font-size-1='' av-mini-font-size-1='' color='' custom_font='#ffffff' subheading_color='' seperator_color='' icon_color='' margin='0,,,' padding='10' icon_padding='10' headline_padding=',10%,,10%' link='' link_target='' id='' custom_class='display-4' template_class='' av_uid='av-2if5ea' sc_version='1.0' admin_preview_bg=''][\/av_heading]\r\n\r\n[\/av_one_full]\r\n[\/av_section]\r\n\r\n\n[av_section min_height='25' min_height_pc='25' min_height_px='500px' padding='large' custom_margin='0px' custom_margin_sync='true' svg_div_top='' svg_div_top_color='#333333' svg_div_top_width='100' svg_div_top_height='50' svg_div_top_max_height='none' svg_div_top_opacity='' svg_div_bottom='split' svg_div_bottom_color='#1c3b1d' svg_div_bottom_width='100' svg_div_bottom_height='50' svg_div_bottom_max_height='none' svg_div_bottom_invert='aviaTBsvg_div_bottom_invert' svg_div_bottom_front='aviaTBsvg_div_bottom_front' svg_div_bottom_opacity='' color='main_color' background='bg_color' custom_bg='#f2efed' background_gradient_direction='vertical' background_gradient_color1='#000000' background_gradient_color2='#ffffff' background_gradient_color3='' src='' attachment='' attachment_size='' attach='scroll' position='top left' repeat='no-repeat' video='' video_ratio='16:9' overlay_enable='aviaTBoverlay_enable' overlay_opacity='1' overlay_color='' overlay_pattern='{{AVIA_BASE_URL}}images\/background-images\/grunge-dark.png' overlay_custom_pattern='' shadow='no-border-styling' bottom_border='no-border-styling' bottom_border_diagonal_color='#333333' bottom_border_diagonal_direction='' bottom_border_style='' custom_arrow_bg='' id='' custom_class='' template_class='' aria_label='' av_element_hidden_in_editor='0' av_uid='av-c768ce' sc_version='1.0']\r\n\r\n[av_one_full first min_height='' vertical_alignment='av-align-top' space='' row_boxshadow_color='' row_boxshadow_width='10' margin='0px' margin_sync='true' mobile_breaking='' mobile_column_order='' min_col_height='' padding=',,,' svg_div_top='' svg_div_top_color='#333333' svg_div_top_width='100' svg_div_top_height='50' svg_div_top_max_height='none' svg_div_top_opacity='' svg_div_bottom='' svg_div_bottom_color='#333333' svg_div_bottom_width='100' svg_div_bottom_height='50' svg_div_bottom_max_height='none' svg_div_bottom_opacity='' border='' border_style='solid' border_color='' radius='' radius_sync='true' column_boxshadow_color='' column_boxshadow_width='10' background='bg_color' background_color='' background_gradient_direction='vertical' background_gradient_color1='#000000' background_gradient_color2='#ffffff' background_gradient_color3='' src='' attachment='' attachment_size='' background_position='top left' background_repeat='no-repeat' highlight_size='1.1' animation='' link='' linktarget='' link_hover='' title_attr='' alt_attr='' mobile_display='' mobile_col_pos='0' id='' custom_class='' template_class='' aria_label='' av_uid='av-bc71qm' sc_version='1.0']\r\n\r\n[av_textblock size='' av-medium-font-size='' av-small-font-size='' av-mini-font-size='' font_color='' color='' id='' custom_class='' template_class='' av_uid='av-8u1lbi' sc_version='1.0' admin_preview_bg='']\r\n<img class=\"aligncenter wp-image-1875\" src=\"https:\/\/www.domainelerelais.fr\/fr\/wp-content\/uploads\/sites\/2\/2021\/11\/kersen-215x300.png\" alt=\"\" width=\"60\" height=\"84\" \/>\r\n[\/av_textblock]\r\n\r\n[av_heading heading='D\u00e9couvrez bergerac c\u00e9l\u00e8bre pour son style de vie d\u00e9contract\u00e9' tag='h2' style='blockquote classic-quote' subheading_active='' show_icon='' icon='ue800' font='entypo-fontello' size='' av-medium-font-size-title='' av-small-font-size-title='' av-mini-font-size-title='' subheading_size='' av-medium-font-size='' av-small-font-size='' av-mini-font-size='' icon_size='' av-medium-font-size-1='' av-small-font-size-1='' av-mini-font-size-1='' color='' custom_font='#ffffff' subheading_color='' seperator_color='' icon_color='' margin='0,,,' padding='10' icon_padding='10' headline_padding=',10%,,10%' link='' link_target='' id='' custom_class='h1' template_class='' av_uid='av-7qqze6' sc_version='1.0' admin_preview_bg=''][\/av_heading]\r\n\r\n[av_hr class='invisible' icon_select='yes' icon='ue808' font='entypo-fontello' position='center' shadow='no-shadow' height='15' custom_border='av-border-thin' custom_width='50px' custom_margin_top='30px' custom_margin_bottom='30px' custom_border_color='' custom_icon_color='' id='' custom_class='' template_class='' av_uid='av-5xn0oe' sc_version='1.0' admin_preview_bg='']\r\n\r\n[av_masonry_gallery ids='2235,2242,1905' caption_elements='title excerpt' caption_styling='overlay' caption_display='always' size='fixed' orientation='' image_size='featured_large' gap='large' columns='3' av-desktop-columns='' av-medium-columns='' av-small-columns='' av-mini-columns='' items='24' paginate='none' color='' custom_bg='' animation='active' animation_duration='' animation_custom_bg_color='' animation_custom_bg_color_multi_list='' animation_z_index_curtain='100' overlay_fx='active' container_links='' link_dest='' lightbox_text='' img_scrset='' lazy_loading='disabled' id='' custom_class='' template_class='' av_uid='av-4d8mji' sc_version='1.0']\r\n\r\n[av_hr class='invisible' icon_select='yes' icon='ue808' font='entypo-fontello' position='center' shadow='no-shadow' height='32' custom_border='av-border-thin' custom_width='50px' custom_margin_top='30px' custom_margin_bottom='30px' custom_border_color='' custom_icon_color='' id='' custom_class='' template_class='' av_uid='av-2b335a' sc_version='1.0' admin_preview_bg='']\r\n\r\n[\/av_one_full][\/av_section]\n","protected":false},"excerpt":{"rendered":"","protected":false},"author":1,"featured_media":0,"parent":0,"menu_order":0,"comment_status":"open","ping_status":"open","template":"","meta":[],"acf":[],"yoast_head":"<!-- This site is optimized with the Yoast SEO plugin v19.6.1 - https:\/\/yoast.com\/wordpress\/plugins\/seo\/ -->\n<title>Un s\u00e9jour relaxant, en famille ou entre amis! - Domaine Le Relais - FR<\/title>\n<meta name=\"robots\" content=\"index, follow, max-snippet:-1, max-image-preview:large, max-video-preview:-1\" \/>\n<link rel=\"canonical\" href=\"https:\/\/www.domainelerelais.fr\/fr\/un-sejour-relaxant-en-famille-ou-entre-amis\/\" \/>\n<meta property=\"og:locale\" content=\"fr_FR\" \/>\n<meta property=\"og:type\" content=\"article\" \/>\n<meta property=\"og:title\" content=\"Un s\u00e9jour relaxant, en famille ou entre amis! - Domaine Le Relais - FR\" \/>\n<meta property=\"og:url\" content=\"https:\/\/www.domainelerelais.fr\/fr\/un-sejour-relaxant-en-famille-ou-entre-amis\/\" \/>\n<meta property=\"og:site_name\" content=\"Domaine Le Relais - FR\" \/>\n<meta property=\"article:modified_time\" content=\"2022-09-05T13:44:08+00:00\" \/>\n<meta name=\"twitter:card\" content=\"summary_large_image\" \/>\n<meta name=\"twitter:label1\" content=\"Est. reading time\" \/>\n\t<meta name=\"twitter:data1\" content=\"3 minutes\" \/>\n<script type=\"application\/ld+json\" class=\"yoast-schema-graph\">{\"@context\":\"https:\/\/schema.org\",\"@graph\":[{\"@type\":\"WebPage\",\"@id\":\"https:\/\/www.domainelerelais.fr\/fr\/un-sejour-relaxant-en-famille-ou-entre-amis\/\",\"url\":\"https:\/\/www.domainelerelais.fr\/fr\/un-sejour-relaxant-en-famille-ou-entre-amis\/\",\"name\":\"Un s\u00e9jour relaxant, en famille ou entre amis! - Domaine Le Relais - FR\",\"isPartOf\":{\"@id\":\"https:\/\/www.domainelerelais.fr\/fr\/#website\"},\"datePublished\":\"2018-10-11T05:00:33+00:00\",\"dateModified\":\"2022-09-05T13:44:08+00:00\",\"breadcrumb\":{\"@id\":\"https:\/\/www.domainelerelais.fr\/fr\/un-sejour-relaxant-en-famille-ou-entre-amis\/#breadcrumb\"},\"inLanguage\":\"fr-FR\",\"potentialAction\":[{\"@type\":\"ReadAction\",\"target\":[\"https:\/\/www.domainelerelais.fr\/fr\/un-sejour-relaxant-en-famille-ou-entre-amis\/\"]}]},{\"@type\":\"BreadcrumbList\",\"@id\":\"https:\/\/www.domainelerelais.fr\/fr\/un-sejour-relaxant-en-famille-ou-entre-amis\/#breadcrumb\",\"itemListElement\":[{\"@type\":\"ListItem\",\"position\":1,\"name\":\"Accueil\",\"item\":\"https:\/\/www.domainelerelais.fr\/fr\/un-sejour-relaxant-en-famille-ou-entre-amis\/\"},{\"@type\":\"ListItem\",\"position\":2,\"name\":\"Un s\u00e9jour relaxant, en famille ou entre amis!\"}]},{\"@type\":\"WebSite\",\"@id\":\"https:\/\/www.domainelerelais.fr\/fr\/#website\",\"url\":\"https:\/\/www.domainelerelais.fr\/fr\/\",\"name\":\"Domaine Le Relais - FR\",\"description\":\"Great choice for a relaxing vacation for families with children or a group of friends\",\"publisher\":{\"@id\":\"https:\/\/www.domainelerelais.fr\/fr\/#organization\"},\"potentialAction\":[{\"@type\":\"SearchAction\",\"target\":{\"@type\":\"EntryPoint\",\"urlTemplate\":\"https:\/\/www.domainelerelais.fr\/fr\/?s={search_term_string}\"},\"query-input\":\"required name=search_term_string\"}],\"inLanguage\":\"fr-FR\"},{\"@type\":\"Organization\",\"@id\":\"https:\/\/www.domainelerelais.fr\/fr\/#organization\",\"name\":\"Domaine Le Relais - FR\",\"url\":\"https:\/\/www.domainelerelais.fr\/fr\/\",\"sameAs\":[],\"logo\":{\"@type\":\"ImageObject\",\"inLanguage\":\"fr-FR\",\"@id\":\"https:\/\/www.domainelerelais.fr\/fr\/#\/schema\/logo\/image\/\",\"url\":\"https:\/\/www.domainelerelais.fr\/fr\/wp-content\/uploads\/sites\/2\/2022\/03\/app-icon.png\",\"contentUrl\":\"https:\/\/www.domainelerelais.fr\/fr\/wp-content\/uploads\/sites\/2\/2022\/03\/app-icon.png\",\"width\":512,\"height\":512,\"caption\":\"Domaine Le Relais - FR\"},\"image\":{\"@id\":\"https:\/\/www.domainelerelais.fr\/fr\/#\/schema\/logo\/image\/\"}}]}<\/script>\n<!-- \/ Yoast SEO plugin. -->","yoast_head_json":{"title":"Un s\u00e9jour relaxant, en famille ou entre amis! - Domaine Le Relais - FR","robots":{"index":"index","follow":"follow","max-snippet":"max-snippet:-1","max-image-preview":"max-image-preview:large","max-video-preview":"max-video-preview:-1"},"canonical":"https:\/\/www.domainelerelais.fr\/fr\/un-sejour-relaxant-en-famille-ou-entre-amis\/","og_locale":"fr_FR","og_type":"article","og_title":"Un s\u00e9jour relaxant, en famille ou entre amis! - Domaine Le Relais - FR","og_url":"https:\/\/www.domainelerelais.fr\/fr\/un-sejour-relaxant-en-famille-ou-entre-amis\/","og_site_name":"Domaine Le Relais - FR","article_modified_time":"2022-09-05T13:44:08+00:00","twitter_card":"summary_large_image","twitter_misc":{"Est. reading time":"3 minutes"},"schema":{"@context":"https:\/\/schema.org","@graph":[{"@type":"WebPage","@id":"https:\/\/www.domainelerelais.fr\/fr\/un-sejour-relaxant-en-famille-ou-entre-amis\/","url":"https:\/\/www.domainelerelais.fr\/fr\/un-sejour-relaxant-en-famille-ou-entre-amis\/","name":"Un s\u00e9jour relaxant, en famille ou entre amis! - Domaine Le Relais - FR","isPartOf":{"@id":"https:\/\/www.domainelerelais.fr\/fr\/#website"},"datePublished":"2018-10-11T05:00:33+00:00","dateModified":"2022-09-05T13:44:08+00:00","breadcrumb":{"@id":"https:\/\/www.domainelerelais.fr\/fr\/un-sejour-relaxant-en-famille-ou-entre-amis\/#breadcrumb"},"inLanguage":"fr-FR","potentialAction":[{"@type":"ReadAction","target":["https:\/\/www.domainelerelais.fr\/fr\/un-sejour-relaxant-en-famille-ou-entre-amis\/"]}]},{"@type":"BreadcrumbList","@id":"https:\/\/www.domainelerelais.fr\/fr\/un-sejour-relaxant-en-famille-ou-entre-amis\/#breadcrumb","itemListElement":[{"@type":"ListItem","position":1,"name":"Accueil","item":"https:\/\/www.domainelerelais.fr\/fr\/un-sejour-relaxant-en-famille-ou-entre-amis\/"},{"@type":"ListItem","position":2,"name":"Un s\u00e9jour relaxant, en famille ou entre amis!"}]},{"@type":"WebSite","@id":"https:\/\/www.domainelerelais.fr\/fr\/#website","url":"https:\/\/www.domainelerelais.fr\/fr\/","name":"Domaine Le Relais - FR","description":"Great choice for a relaxing vacation for families with children or a group of friends","publisher":{"@id":"https:\/\/www.domainelerelais.fr\/fr\/#organization"},"potentialAction":[{"@type":"SearchAction","target":{"@type":"EntryPoint","urlTemplate":"https:\/\/www.domainelerelais.fr\/fr\/?s={search_term_string}"},"query-input":"required name=search_term_string"}],"inLanguage":"fr-FR"},{"@type":"Organization","@id":"https:\/\/www.domainelerelais.fr\/fr\/#organization","name":"Domaine Le Relais - FR","url":"https:\/\/www.domainelerelais.fr\/fr\/","sameAs":[],"logo":{"@type":"ImageObject","inLanguage":"fr-FR","@id":"https:\/\/www.domainelerelais.fr\/fr\/#\/schema\/logo\/image\/","url":"https:\/\/www.domainelerelais.fr\/fr\/wp-content\/uploads\/sites\/2\/2022\/03\/app-icon.png","contentUrl":"https:\/\/www.domainelerelais.fr\/fr\/wp-content\/uploads\/sites\/2\/2022\/03\/app-icon.png","width":512,"height":512,"caption":"Domaine Le Relais - FR"},"image":{"@id":"https:\/\/www.domainelerelais.fr\/fr\/#\/schema\/logo\/image\/"}}]}},"_links":{"self":[{"href":"https:\/\/www.domainelerelais.fr\/fr\/wp-json\/wp\/v2\/pages\/2"}],"collection":[{"href":"https:\/\/www.domainelerelais.fr\/fr\/wp-json\/wp\/v2\/pages"}],"about":[{"href":"https:\/\/www.domainelerelais.fr\/fr\/wp-json\/wp\/v2\/types\/page"}],"author":[{"embeddable":true,"href":"https:\/\/www.domainelerelais.fr\/fr\/wp-json\/wp\/v2\/users\/1"}],"replies":[{"embeddable":true,"href":"https:\/\/www.domainelerelais.fr\/fr\/wp-json\/wp\/v2\/comments?post=2"}],"version-history":[{"count":4,"href":"https:\/\/www.domainelerelais.fr\/fr\/wp-json\/wp\/v2\/pages\/2\/revisions"}],"predecessor-version":[{"id":7224,"href":"https:\/\/www.domainelerelais.fr\/fr\/wp-json\/wp\/v2\/pages\/2\/revisions\/7224"}],"wp:attachment":[{"href":"https:\/\/www.domainelerelais.fr\/fr\/wp-json\/wp\/v2\/media?parent=2"}],"curies":[{"name":"wp","href":"https:\/\/api.w.org\/{rel}","templated":true}]}}